{"id":68,"date":"2019-09-30T15:20:16","date_gmt":"2019-09-30T15:20:16","guid":{"rendered":"http:\/\/wasserproben-info.de\/?page_id=68"},"modified":"2024-06-28T13:53:03","modified_gmt":"2024-06-28T13:53:03","slug":"empfehlungen","status":"publish","type":"page","link":"https:\/\/wasserproben-info.de\/index.php\/empfehlungen\/","title":{"rendered":"Empfehlungen"},"content":{"rendered":"<p>[et_pb_section fb_built=&#8220;1&#8243; fullwidth=&#8220;on&#8220; _builder_version=&#8220;4.16&#8243; global_colors_info=&#8220;{}&#8220;][et_pb_fullwidth_slider _builder_version=&#8220;4.16&#8243; custom_padding=&#8220;||170px|||&#8220; global_colors_info=&#8220;{}&#8220;][et_pb_slide _builder_version=&#8220;4.16&#8243; background_image=&#8220;https:\/\/wasserproben-info.de\/wp-content\/uploads\/2019\/03\/water-2634916_1920.jpg&#8220; background_enable_image=&#8220;on&#8220; parallax=&#8220;on&#8220; global_colors_info=&#8220;{}&#8220; sticky_transition=&#8220;on&#8220;][\/et_pb_slide][\/et_pb_fullwidth_slider][\/et_pb_section][et_pb_section fb_built=&#8220;1&#8243; _builder_version=&#8220;4.16&#8243; global_colors_info=&#8220;{}&#8220;][et_pb_row column_structure=&#8220;2_5,3_5&#8243; _builder_version=&#8220;4.16&#8243; global_colors_info=&#8220;{}&#8220;][et_pb_column type=&#8220;2_5&#8243; _builder_version=&#8220;4.16&#8243; global_colors_info=&#8220;{}&#8220;][et_pb_text _builder_version=&#8220;4.16&#8243; global_colors_info=&#8220;{}&#8220;]<\/p>\n<h1>Ich empfehle meinen Kunden:\u00a0<\/h1>\n<p>Ich danke f\u00fcr das Vertrauen meiner Kundschaft Kunden und Auftraggeber und bitte Sie diese bei Ihrem n\u00e4chsten Bedarf zu ber\u00fccksichtigen. Vielen Dank.\u00a0<\/p>\n<p>Ich \u00fcbernehmen keine Verantwortung f\u00fcr die Inhalte der von mir empfohlenen Internet-Seiten, f\u00fcr diese sind alleine die Verfasser und Inhaber der jeweiligen Website verantwortlich.<\/p>\n<p>[\/et_pb_text][\/et_pb_column][et_pb_column type=&#8220;3_5&#8243; _builder_version=&#8220;4.16&#8243; global_colors_info=&#8220;{}&#8220;][et_pb_text _builder_version=&#8220;4.25.2&#8243; link_option_url_new_window=&#8220;on&#8220; hover_enabled=&#8220;0&#8243; global_colors_info=&#8220;{}&#8220; sticky_enabled=&#8220;0&#8243;]<\/p>\n<ul>\n<li><a href=\"https:\/\/klocke-medichemt.de\" target=\"_blank\" rel=\"noopener\">Klocke MediChemT GmbH, Weingarten (Labor)<\/a><\/li>\n<li><a href=\"https:\/\/www.pall.com\" target=\"_blank\" rel=\"noopener\">Pall (Wasserfilter)<\/a><\/li>\n<li>m+m Filtertechnik Mannheim<\/li>\n<li><a href=\"https:\/\/coffee-fellows.com\/locations\/heidelberg\" target=\"_blank\" rel=\"noopener\">Coffee Fellows Heidelberg<\/a><\/li>\n<li><a href=\"https:\/\/www.fluewo.de\" target=\"_blank\" rel=\"noopener\">FL\u00dcWO Bauen Wohnen eG<\/a><\/li>\n<li><a href=\"https:\/\/meinehv.de\" target=\"_blank\" rel=\"noopener\">LUVA Verwaltungs GmbH (Meine Hausverwaltung)<\/a><\/li>\n<li><a href=\"https:\/\/gc-heddesheim.de\/\" target=\"_blank\" rel=\"noopener\">Golfplatz Gut Neuzenhof<\/a><\/li>\n<li><a href=\"https:\/\/www.heidelberger-tennisclub.de\/\" target=\"_blank\" rel=\"noopener\">Heidelberger Tennis Club 1890 e.V.<\/a> HTC<\/li>\n<li>Hausverwaltung Karl, Leimen<\/li>\n<li><a href=\"https:\/\/www.fs-hausverwaltungen.de\" target=\"_blank\" rel=\"noopener\">Hausverwaltungen Franz Schmitt<\/a><\/li>\n<li>Hausverwaltung Klaus-Dieter Motzke<\/li>\n<li><a href=\"https:\/\/hs-verwaltungen.de\" target=\"_blank\" rel=\"noopener\">HS-Verwaltungen<\/a><\/li>\n<li><a href=\"https:\/\/www.haut-gmbh.de\/\" target=\"_blank\" rel=\"noopener\">Haut Sanit\u00e4r GmbH<\/a><\/li>\n<li><a href=\"https:\/\/www.acora.de\/apartment-hotel-karlsruhe\" target=\"_blank\" rel=\"noopener\">Hotel Acora Karlsruhe<\/a><\/li>\n<li><a href=\"https:\/\/www.beckenbach-heizung.de\/\" target=\"_blank\" rel=\"noopener\">Beckenbach Heizung Sanit\u00e4r GmbH Heiligkreuzsteinach<\/a><\/li>\n<li>Nuss-Haustechnik Joel Nuss<\/li>\n<li>PreProMa GmbH Dr. Mollenhauer Heidelberg<\/li>\n<li><a href=\"https:\/\/www.cafe-frisch.de\/\" target=\"_blank\" rel=\"noopener\">Caf\u00e9 Frisch<\/a><\/li>\n<li><a href=\"https:\/\/www.anpfiffinsleben.de\/\" target=\"_blank\" rel=\"noopener\">Anpfiff ins Leben<\/a><\/li>\n<li><a href=\"https:\/\/www.danielfackert.de\/\" target=\"_blank\" rel=\"noopener\">Daniel Fackert GmbH \u2013 Sanit\u00e4r, Heizung, Klima<\/a><\/li>\n<li><a href=\"https:\/\/www.generationsbruecke.de\/\" target=\"_blank\" rel=\"noopener\">Generationsbr\u00fccke gGmbH<\/a><\/li>\n<li><a href=\"https:\/\/etc-eppelheim.de\/\" target=\"_blank\" rel=\"noopener\">Tennis Club Eppelheim e.V. ETC<\/a><\/li>\n<li><a href=\"https:\/\/www.tc-plankstadt.de\/\" target=\"_blank\" rel=\"noopener\">Tennis-Club Plankstadt e.V.<\/a><\/li>\n<li><a href=\"https:\/\/www.tsg-eintracht-plankstadt.de\/\" target=\"_blank\" rel=\"noopener\">TSG Eintracht Plankstadt 1890 e.V.<\/a><\/li>\n<li><a href=\"https:\/\/www.van-wickeren.de\/\" target=\"_blank\" rel=\"noopener\">Van Wickeren Immobilienverwaltung GmbH<\/a><\/li>\n<\/ul>\n<p>[\/et_pb_text][\/et_pb_column][\/et_pb_row][\/et_pb_section]<\/p>\n","protected":false},"excerpt":{"rendered":"<p>Ich empfehle meinen Kunden:\u00a0 Ich danke f\u00fcr das Vertrauen meiner Kundschaft Kunden und Auftraggeber und bitte Sie diese bei Ihrem n\u00e4chsten Bedarf zu ber\u00fccksichtigen. Vielen Dank.\u00a0 Ich \u00fcbernehmen keine Verantwortung f\u00fcr die Inhalte der von mir empfohlenen Internet-Seiten, f\u00fcr diese sind alleine die Verfasser und Inhaber der jeweiligen Website verantwortlich. Klocke MediChemT GmbH, Weingarten (Labor) [&hellip;]<\/p>\n","protected":false},"author":1,"featured_media":0,"parent":0,"menu_order":0,"comment_status":"closed","ping_status":"closed","template":"","meta":{"_et_pb_use_builder":"on","_et_pb_old_content":"","_et_gb_content_width":"","footnotes":""},"class_list":["post-68","page","type-page","status-publish","hentry"],"_links":{"self":[{"href":"https:\/\/wasserproben-info.de\/index.php\/wp-json\/wp\/v2\/pages\/68","targetHints":{"allow":["GET"]}}],"collection":[{"href":"https:\/\/wasserproben-info.de\/index.php\/wp-json\/wp\/v2\/pages"}],"about":[{"href":"https:\/\/wasserproben-info.de\/index.php\/wp-json\/wp\/v2\/types\/page"}],"author":[{"embeddable":true,"href":"https:\/\/wasserproben-info.de\/index.php\/wp-json\/wp\/v2\/users\/1"}],"replies":[{"embeddable":true,"href":"https:\/\/wasserproben-info.de\/index.php\/wp-json\/wp\/v2\/comments?post=68"}],"version-history":[{"count":12,"href":"https:\/\/wasserproben-info.de\/index.php\/wp-json\/wp\/v2\/pages\/68\/revisions"}],"predecessor-version":[{"id":132,"href":"https:\/\/wasserproben-info.de\/index.php\/wp-json\/wp\/v2\/pages\/68\/revisions\/132"}],"wp:attachment":[{"href":"https:\/\/wasserproben-info.de\/index.php\/wp-json\/wp\/v2\/media?parent=68"}],"curies":[{"name":"wp","href":"https:\/\/api.w.org\/{rel}","templated":true}]}}